{"id":951,"date":"2022-01-25T18:40:42","date_gmt":"2022-01-25T18:40:42","guid":{"rendered":"https:\/\/rtanj.rs\/?page_id=951"},"modified":"2022-10-30T12:32:21","modified_gmt":"2022-10-30T11:32:21","slug":"covid-19","status":"publish","type":"page","link":"https:\/\/rtanj.rs\/en\/covid-19\/","title":{"rendered":"Covid 19 measures"},"content":{"rendered":"<section class=\"l-section wpb_row height_auto\"><div class=\"l-section-h i-cf\"><div class=\"g-cols vc_row via_flex valign_top type_default stacking_default\"><div class=\"vc_col-sm-12 wpb_column vc_column_container\"><div class=\"vc_column-inner\"><div class=\"wpb_wrapper\"><div class=\"wpb_text_column\"><div class=\"wpb_wrapper\"><p>Dear hotel guests,<\/p>\n<p>In line with COVID-19 prevention measures, the company Rtanj Kopaonik doo adopted a decision whereby <b>all visitors staying with us in the season 2021\/22 they must have negative test results or a revaccination certificate <\/b>upon entering our facility at Kopaonik.<\/p>\n<p><b>If a person does not have a revaccination certificate, we can accept PCR, IgG or antigen test.<\/b> Tests must be done no later than 48 hours before arriving to Rtanj. Testing can be done in certified laboratories.<\/p>\n<\/div><\/div><\/div><\/div><\/div><\/div><\/div><\/section><section class=\"l-section wpb_row height_small\"><div class=\"l-section-h i-cf\"><div class=\"g-cols vc_row via_flex valign_top type_default stacking_default\"><div class=\"vc_col-sm-12 wpb_column vc_column_container\"><div class=\"vc_column-inner\"><div class=\"wpb_wrapper\"><div class=\"wpb_text_column\"><div class=\"wpb_wrapper\"><p><a ref=\"magnificPopup\" href=\"https:\/\/rtanj.rs\/en\/wp-content\/uploads\/sites\/2\/2022\/01\/Sertifikat-srpski-720x1024-1.jpg\"><img decoding=\"async\" loading=\"lazy\" class=\"size-medium wp-image-952 alignleft\" src=\"https:\/\/rtanj.rs\/en\/wp-content\/uploads\/sites\/2\/2022\/01\/Sertifikat-srpski-720x1024-1-211x300.jpg\" alt=\"\" width=\"211\" height=\"300\" srcset=\"https:\/\/rtanj.rs\/en\/wp-content\/uploads\/sites\/2\/2022\/01\/Sertifikat-srpski-720x1024-1-211x300.jpg 211w, https:\/\/rtanj.rs\/en\/wp-content\/uploads\/sites\/2\/2022\/01\/Sertifikat-srpski-720x1024-1.jpg 720w\" sizes=\"(max-width: 211px) 100vw, 211px\" \/><\/a><\/p>\n<p>During the 2021\/22 winter season, the company Rtanj Kopaonik doo will allow entry to our facility on Kopaonik only for our hotel guests. In addition to all the measures prescribed by the state authorities, we have installed <b>Zepter air purifiers <\/b>certified in Germany to effectively rid the air of 99.9% of COVID-19 viruses, and a number of other measures aimed at creating a safe environment for our guests. <b>Our guests must comply with all the measures prescribed by the company.<\/b>\u00a0Stay healthy, and we will see you in Rtanj!<\/p>\n<p><b>COVID guarantee <\/b>\u2013 provides for the full refund of the amount paid for hotel services, in the following cases:<\/p>\n<ul>\n<li>confirmed coronavirus in one or more persons who booked the accommodation (with submitted valid documentation, a positive PCR test result), both for domestic and international guests<\/li>\n<li>closing borders, for foreign guests<\/li>\n<li>declaration of the state of emergency, or a curfew on the territory of the Republic of Serbia, both for domestic and international guests<\/li>\n<\/ul>\n<\/div><\/div><\/div><\/div><\/div><\/div><\/div><\/section><section class=\"l-section wpb_row us_custom_f1bdabef height_auto\"><div class=\"l-section-h i-cf\"><div class=\"g-cols vc_row via_flex valign_top type_default stacking_default\"><div class=\"vc_col-sm-12 wpb_column vc_column_container\"><div class=\"vc_column-inner\"><div class=\"wpb_wrapper\"><div class=\"wpb_text_column\"><div class=\"wpb_wrapper\"><p><strong>Covid garancija<\/strong> \u2013 garantuje povrat upla\u0107enog iznosa za usluge hotela u celosti, u slu\u010dajevima:<\/p>\n<ul>\n<li>potvr\u0111enog prisustva korona virusa kod jedne ili vi\u0161e osoba na koje se odnosi rezervacija sme\u0161taja (uz dostavljenu validnu dokumentaciju, pozitivan nalaz PCR testa) za doma\u0107e i strane goste<\/li>\n<li>zatvaranja granica za strane goste<\/li>\n<li>progla\u0161enja vanrednog stanja i zabrane kretanja na teritotiji RS, za doma\u0107e i strane goste<\/li>\n<\/ul>\n<\/div><\/div><\/div><\/div><\/div><\/div><\/div><\/section>\n","protected":false},"excerpt":{"rendered":"Dear hotel guests, In line with COVID-19 prevention measures, the company Rtanj Kopaonik doo adopted a decision whereby all visitors staying with us in the season 2021\/22 they must have negative test results or a revaccination certificate upon entering our facility at Kopaonik. If a person does not have a revaccination certificate, we can accept...","protected":false},"author":1,"featured_media":0,"parent":0,"menu_order":0,"comment_status":"closed","ping_status":"closed","template":"","meta":{"footnotes":""},"acf":[],"_links":{"self":[{"href":"https:\/\/rtanj.rs\/en\/wp-json\/wp\/v2\/pages\/951"}],"collection":[{"href":"https:\/\/rtanj.rs\/en\/wp-json\/wp\/v2\/pages"}],"about":[{"href":"https:\/\/rtanj.rs\/en\/wp-json\/wp\/v2\/types\/page"}],"author":[{"embeddable":true,"href":"https:\/\/rtanj.rs\/en\/wp-json\/wp\/v2\/users\/1"}],"replies":[{"embeddable":true,"href":"https:\/\/rtanj.rs\/en\/wp-json\/wp\/v2\/comments?post=951"}],"version-history":[{"count":1,"href":"https:\/\/rtanj.rs\/en\/wp-json\/wp\/v2\/pages\/951\/revisions"}],"predecessor-version":[{"id":1390,"href":"https:\/\/rtanj.rs\/en\/wp-json\/wp\/v2\/pages\/951\/revisions\/1390"}],"wp:attachment":[{"href":"https:\/\/rtanj.rs\/en\/wp-json\/wp\/v2\/media?parent=951"}],"curies":[{"name":"wp","href":"https:\/\/api.w.org\/{rel}","templated":true}]}}