{"id":561,"date":"2021-12-07T11:55:47","date_gmt":"2021-12-07T10:55:47","guid":{"rendered":"https:\/\/rtanj.rs\/?page_id=561"},"modified":"2022-10-27T12:01:43","modified_gmt":"2022-10-27T10:01:43","slug":"acitivities","status":"publish","type":"page","link":"https:\/\/rtanj.rs\/en\/acitivities\/","title":{"rendered":"Acitivities"},"content":{"rendered":"<section class=\"l-section wpb_row us_custom_5dc3df59 height_medium width_full\"><div class=\"l-section-h i-cf\"><div class=\"g-cols vc_row via_flex valign_top type_default stacking_default\"><div class=\"vc_col-sm-12 wpb_column vc_column_container\"><div class=\"vc_column-inner\"><div class=\"wpb_wrapper\"><div class=\"wpb_text_column us_custom_cf208f3e has_text_color hide_on_tablets hide_on_mobiles\"><div class=\"wpb_wrapper\"><p>SAMO ZA NAJHRABRIJE<\/p>\n<\/div><\/div><div class=\"wpb_text_column us_custom_bf0cdafb has_text_color hide_on_default hide_on_laptops\"><div class=\"wpb_wrapper\"><p>SAMO ZA NAJHRABRIJE<\/p>\n<\/div><\/div><div class=\"wpb_text_column us_custom_732c7728\"><div class=\"wpb_wrapper\"><h2 style=\"text-align: center\">Avanture na\u00a0<strong><span style=\"color: #2bb49b\">Kopu<\/span><\/strong><\/h2>\n<\/div><\/div><div class=\"wpb_text_column us_custom_e4bc1fd0\"><div class=\"wpb_wrapper\"><p>Pobedi strahove i osvoji vrhove! \u010cekamo te na najlep\u0161oj srpskoj planini, sa aktivnostima koje \u0107e razbuditi svaki atom tvog tela.<\/p>\n<\/div><\/div><div class=\"g-cols wpb_row via_flex valign_top type_boxes stacking_default\"><div class=\"vc_col-sm-12 wpb_column vc_column_container\"><div class=\"vc_column-inner\"><div class=\"wpb_wrapper\"><div class=\"w-grid type_grid layout_103 cols_3 overflow_hidden\" id=\"us_grid_1\" style=\"--gap:0.5rem;\" data-filterable=\"true\"><style>@media (max-width:1024px){#us_grid_1 .w-grid-item{width:50%}}@media (max-width:600px){#us_grid_1 .w-grid-item{width:50%}}.layout_103 .w-grid-item-h{background:#333;border-radius:0.3rem;box-shadow:0 0.03rem 0.06rem rgba(0,0,0,0.1),0 0.1rem 0.3rem rgba(0,0,0,0.1);transition-duration:0.3s}.no-touch .layout_103 .w-grid-item-h:hover{box-shadow:0 0.12rem 0.24rem rgba(0,0,0,0.1),0 0.4rem 1.2rem rgba(0,0,0,0.15);z-index:4}.layout_103 .usg_vwrapper_1{position:absolute!important;right:0!important;bottom:0!important;left:0!important;background:linear-gradient(transparent,rgba(30,30,30,0.8))!important;padding:15% 7% 7% 7%!important}.layout_103 .usg_post_title_1{color:#fff!important;font-size:1.4rem!important;font-weight:700!important}@media (max-width:600px){.layout_103 .usg_post_title_1{font-size:1.2rem!important}}<\/style><div class=\"w-grid-list\">\t<article class=\"w-grid-item size_1x1 post-1508 aktivnosti type-aktivnosti status-publish has-post-thumbnail hentry\" data-id=\"1508\">\r\n\t\t<div class=\"w-grid-item-h\">\r\n\t\t\t\t\t\t<div class=\"w-post-elm post_image usg_post_image_1 stretched\"><a href=\"https:\/\/rtanj.rs\/en\/aktivnosti\/gym\/\" aria-label=\"Gym\"><img width=\"680\" height=\"620\" src=\"https:\/\/rtanj.rs\/en\/wp-content\/uploads\/sites\/2\/2022\/11\/rtanj-teretana-680x620.webp\" class=\"attachment-us_680_620_crop size-us_680_620_crop wp-post-image\" alt=\"\" decoding=\"async\" srcset=\"https:\/\/rtanj.rs\/en\/wp-content\/uploads\/sites\/2\/2022\/11\/rtanj-teretana-680x620.webp 680w, https:\/\/rtanj.rs\/en\/wp-content\/uploads\/sites\/2\/2022\/11\/rtanj-teretana-340x310.webp 340w\" sizes=\"(max-width: 680px) 100vw, 680px\" \/><\/a><\/div><div class=\"w-vwrapper usg_vwrapper_1 align_none valign_top\"><h2 class=\"w-post-elm post_title usg_post_title_1 has_text_color entry-title color_link_inherit\"><a href=\"https:\/\/rtanj.rs\/en\/aktivnosti\/gym\/\">Gym<\/a><\/h2><\/div>\t\t<\/div>\r\n\t<\/article>\r\n\t<article class=\"w-grid-item size_1x1 post-1467 aktivnosti type-aktivnosti status-publish has-post-thumbnail hentry\" data-id=\"1467\">\r\n\t\t<div class=\"w-grid-item-h\">\r\n\t\t\t\t\t\t<div class=\"w-post-elm post_image usg_post_image_1 stretched\"><a href=\"https:\/\/rtanj.rs\/en\/aktivnosti\/artificial-rock-climbing\/\" aria-label=\"Artificial Rock Climbing\"><img width=\"680\" height=\"620\" src=\"https:\/\/rtanj.rs\/en\/wp-content\/uploads\/sites\/2\/2021\/12\/vestackaStena-1024x650-1-1-680x620.jpg\" class=\"attachment-us_680_620_crop size-us_680_620_crop wp-post-image\" alt=\"\" decoding=\"async\" srcset=\"https:\/\/rtanj.rs\/en\/wp-content\/uploads\/sites\/2\/2021\/12\/vestackaStena-1024x650-1-1-680x620.jpg 680w, https:\/\/rtanj.rs\/en\/wp-content\/uploads\/sites\/2\/2021\/12\/vestackaStena-1024x650-1-1-340x310.jpg 340w\" sizes=\"(max-width: 680px) 100vw, 680px\" \/><\/a><\/div><div class=\"w-vwrapper usg_vwrapper_1 align_none valign_top\"><h2 class=\"w-post-elm post_title usg_post_title_1 has_text_color entry-title color_link_inherit\"><a href=\"https:\/\/rtanj.rs\/en\/aktivnosti\/artificial-rock-climbing\/\">Artificial Rock Climbing<\/a><\/h2><\/div>\t\t<\/div>\r\n\t<\/article>\r\n\t<article class=\"w-grid-item size_1x1 post-1466 aktivnosti type-aktivnosti status-publish has-post-thumbnail hentry\" data-id=\"1466\">\r\n\t\t<div class=\"w-grid-item-h\">\r\n\t\t\t\t\t\t<div class=\"w-post-elm post_image usg_post_image_1 stretched\"><a href=\"https:\/\/rtanj.rs\/en\/aktivnosti\/mountain-biking\/\" aria-label=\"Mountain Biking\"><img width=\"680\" height=\"620\" src=\"https:\/\/rtanj.rs\/en\/wp-content\/uploads\/sites\/2\/2021\/12\/monutain_biking-680x620.jpeg\" class=\"attachment-us_680_620_crop size-us_680_620_crop wp-post-image\" alt=\"\" decoding=\"async\" srcset=\"https:\/\/rtanj.rs\/en\/wp-content\/uploads\/sites\/2\/2021\/12\/monutain_biking-680x620.jpeg 680w, https:\/\/rtanj.rs\/en\/wp-content\/uploads\/sites\/2\/2021\/12\/monutain_biking-340x310.jpeg 340w\" sizes=\"(max-width: 680px) 100vw, 680px\" \/><\/a><\/div><div class=\"w-vwrapper usg_vwrapper_1 align_none valign_top\"><h2 class=\"w-post-elm post_title usg_post_title_1 has_text_color entry-title color_link_inherit\"><a href=\"https:\/\/rtanj.rs\/en\/aktivnosti\/mountain-biking\/\">Mountain Biking<\/a><\/h2><\/div>\t\t<\/div>\r\n\t<\/article>\r\n\t<article class=\"w-grid-item size_1x1 post-1465 aktivnosti type-aktivnosti status-publish has-post-thumbnail hentry\" data-id=\"1465\">\r\n\t\t<div class=\"w-grid-item-h\">\r\n\t\t\t\t\t\t<div class=\"w-post-elm post_image usg_post_image_1 stretched\"><a href=\"https:\/\/rtanj.rs\/en\/aktivnosti\/adventure-park\/\" aria-label=\"Adventure Park\"><img width=\"680\" height=\"620\" src=\"https:\/\/rtanj.rs\/en\/wp-content\/uploads\/sites\/2\/2021\/12\/hotel_rtanj_kopaonik_adventurepark-scaled-1-680x620.jpg\" class=\"attachment-us_680_620_crop size-us_680_620_crop wp-post-image\" alt=\"\" decoding=\"async\" srcset=\"https:\/\/rtanj.rs\/en\/wp-content\/uploads\/sites\/2\/2021\/12\/hotel_rtanj_kopaonik_adventurepark-scaled-1-680x620.jpg 680w, https:\/\/rtanj.rs\/en\/wp-content\/uploads\/sites\/2\/2021\/12\/hotel_rtanj_kopaonik_adventurepark-scaled-1-340x310.jpg 340w\" sizes=\"(max-width: 680px) 100vw, 680px\" \/><\/a><\/div><div class=\"w-vwrapper usg_vwrapper_1 align_none valign_top\"><h2 class=\"w-post-elm post_title usg_post_title_1 has_text_color entry-title color_link_inherit\"><a href=\"https:\/\/rtanj.rs\/en\/aktivnosti\/adventure-park\/\">Adventure Park<\/a><\/h2><\/div>\t\t<\/div>\r\n\t<\/article>\r\n\t<article class=\"w-grid-item size_1x1 post-1463 aktivnosti type-aktivnosti status-publish has-post-thumbnail hentry\" data-id=\"1463\">\r\n\t\t<div class=\"w-grid-item-h\">\r\n\t\t\t\t\t\t<div class=\"w-post-elm post_image usg_post_image_1 stretched\"><a href=\"https:\/\/rtanj.rs\/en\/aktivnosti\/hiking\/\" aria-label=\"Hiking\"><img width=\"680\" height=\"620\" src=\"https:\/\/rtanj.rs\/en\/wp-content\/uploads\/sites\/2\/2021\/12\/hotel_rtanj_hajking_h-680x620.jpg\" class=\"attachment-us_680_620_crop size-us_680_620_crop wp-post-image\" alt=\"\" decoding=\"async\" srcset=\"https:\/\/rtanj.rs\/en\/wp-content\/uploads\/sites\/2\/2021\/12\/hotel_rtanj_hajking_h-680x620.jpg 680w, https:\/\/rtanj.rs\/en\/wp-content\/uploads\/sites\/2\/2021\/12\/hotel_rtanj_hajking_h-340x310.jpg 340w\" sizes=\"(max-width: 680px) 100vw, 680px\" \/><\/a><\/div><div class=\"w-vwrapper usg_vwrapper_1 align_none valign_top\"><h2 class=\"w-post-elm post_title usg_post_title_1 has_text_color entry-title color_link_inherit\"><a href=\"https:\/\/rtanj.rs\/en\/aktivnosti\/hiking\/\">Hiking<\/a><\/h2><\/div>\t\t<\/div>\r\n\t<\/article>\r\n\t<article class=\"w-grid-item size_1x1 post-1462 aktivnosti type-aktivnosti status-publish has-post-thumbnail hentry\" data-id=\"1462\">\r\n\t\t<div class=\"w-grid-item-h\">\r\n\t\t\t\t\t\t<div class=\"w-post-elm post_image usg_post_image_1 stretched\"><a href=\"https:\/\/rtanj.rs\/en\/aktivnosti\/atv-riding\/\" aria-label=\"ATV Riding\"><img width=\"680\" height=\"620\" src=\"https:\/\/rtanj.rs\/en\/wp-content\/uploads\/sites\/2\/2021\/12\/hotel_rtanj_voznja_kvadova_h-680x620.jpeg\" class=\"attachment-us_680_620_crop size-us_680_620_crop wp-post-image\" alt=\"\" decoding=\"async\" srcset=\"https:\/\/rtanj.rs\/en\/wp-content\/uploads\/sites\/2\/2021\/12\/hotel_rtanj_voznja_kvadova_h-680x620.jpeg 680w, https:\/\/rtanj.rs\/en\/wp-content\/uploads\/sites\/2\/2021\/12\/hotel_rtanj_voznja_kvadova_h-340x310.jpeg 340w\" sizes=\"(max-width: 680px) 100vw, 680px\" \/><\/a><\/div><div class=\"w-vwrapper usg_vwrapper_1 align_none valign_top\"><h2 class=\"w-post-elm post_title usg_post_title_1 has_text_color entry-title color_link_inherit\"><a href=\"https:\/\/rtanj.rs\/en\/aktivnosti\/atv-riding\/\">ATV Riding<\/a><\/h2><\/div>\t\t<\/div>\r\n\t<\/article>\r\n\t<article class=\"w-grid-item size_1x1 post-1461 aktivnosti type-aktivnosti status-publish has-post-thumbnail hentry\" data-id=\"1461\">\r\n\t\t<div class=\"w-grid-item-h\">\r\n\t\t\t\t\t\t<div class=\"w-post-elm post_image usg_post_image_1 stretched\"><a href=\"https:\/\/rtanj.rs\/en\/aktivnosti\/zipline\/\" aria-label=\"Zipline\"><img width=\"680\" height=\"620\" src=\"https:\/\/rtanj.rs\/en\/wp-content\/uploads\/sites\/2\/2021\/12\/hotel_rtanj_kopaonik_zip_line-1-680x620.jpg\" class=\"attachment-us_680_620_crop size-us_680_620_crop wp-post-image\" alt=\"\" decoding=\"async\" srcset=\"https:\/\/rtanj.rs\/en\/wp-content\/uploads\/sites\/2\/2021\/12\/hotel_rtanj_kopaonik_zip_line-1-680x620.jpg 680w, https:\/\/rtanj.rs\/en\/wp-content\/uploads\/sites\/2\/2021\/12\/hotel_rtanj_kopaonik_zip_line-1-340x310.jpg 340w\" sizes=\"(max-width: 680px) 100vw, 680px\" \/><\/a><\/div><div class=\"w-vwrapper usg_vwrapper_1 align_none valign_top\"><h2 class=\"w-post-elm post_title usg_post_title_1 has_text_color entry-title color_link_inherit\"><a href=\"https:\/\/rtanj.rs\/en\/aktivnosti\/zipline\/\">Zipline<\/a><\/h2><\/div>\t\t<\/div>\r\n\t<\/article>\r\n<\/div><div class=\"w-grid-preloader\"><div class=\"g-preloader type_1\">\r\n\t<div><\/div>\r\n<\/div>\r\n<\/div>\t<div class=\"w-grid-json hidden\" onclick='return {&quot;action&quot;:&quot;us_ajax_grid&quot;,&quot;ajax_url&quot;:&quot;https:\\\/\\\/rtanj.rs\\\/en\\\/wp-admin\\\/admin-ajax.php&quot;,&quot;infinite_scroll&quot;:0,&quot;max_num_pages&quot;:1,&quot;pagination&quot;:&quot;none&quot;,&quot;permalink_url&quot;:&quot;https:\\\/\\\/rtanj.rs\\\/en\\\/wp-json\\\/wp\\\/v2\\\/pages\\\/561&quot;,&quot;template_vars&quot;:{&quot;columns&quot;:&quot;3&quot;,&quot;exclude_items&quot;:&quot;none&quot;,&quot;img_size&quot;:&quot;default&quot;,&quot;ignore_items_size&quot;:0,&quot;items_layout&quot;:&quot;103&quot;,&quot;items_offset&quot;:&quot;1&quot;,&quot;load_animation&quot;:&quot;none&quot;,&quot;overriding_link&quot;:&quot;{\\&quot;url\\&quot;:\\&quot;\\&quot;}&quot;,&quot;post_id&quot;:0,&quot;query_args&quot;:{&quot;post_type&quot;:[&quot;aktivnosti&quot;],&quot;post_status&quot;:[&quot;publish&quot;,&quot;acf-disabled&quot;],&quot;posts_per_page&quot;:&quot;999&quot;},&quot;orderby_query_args&quot;:{&quot;orderby&quot;:{&quot;date&quot;:&quot;DESC&quot;}},&quot;type&quot;:&quot;grid&quot;,&quot;us_grid_ajax_index&quot;:1,&quot;us_grid_filter_params&quot;:null,&quot;us_grid_index&quot;:1,&quot;_us_grid_post_type&quot;:&quot;aktivnosti&quot;,&quot;page_args&quot;:[]}}'><\/div>\r\n\t<\/div><\/div><\/div><\/div><\/div><\/div><\/div><\/div><\/div><\/div><\/section>\n","protected":false},"excerpt":{"rendered":"Buckle up \u2013 we\u2019re taking off! Zipline is an excellent mix of adrenaline and fun, because it gives you the opportunity to \u201cfly\u201d from one side to another, and enjoy the panoramic views of Kopaonik. If you want to feel like an action movie hero, this is your chance. The ride lasts about 20 seconds,...","protected":false},"author":1,"featured_media":0,"parent":0,"menu_order":0,"comment_status":"closed","ping_status":"closed","template":"","meta":{"footnotes":""},"acf":[],"_links":{"self":[{"href":"https:\/\/rtanj.rs\/en\/wp-json\/wp\/v2\/pages\/561"}],"collection":[{"href":"https:\/\/rtanj.rs\/en\/wp-json\/wp\/v2\/pages"}],"about":[{"href":"https:\/\/rtanj.rs\/en\/wp-json\/wp\/v2\/types\/page"}],"author":[{"embeddable":true,"href":"https:\/\/rtanj.rs\/en\/wp-json\/wp\/v2\/users\/1"}],"replies":[{"embeddable":true,"href":"https:\/\/rtanj.rs\/en\/wp-json\/wp\/v2\/comments?post=561"}],"version-history":[{"count":1,"href":"https:\/\/rtanj.rs\/en\/wp-json\/wp\/v2\/pages\/561\/revisions"}],"predecessor-version":[{"id":1372,"href":"https:\/\/rtanj.rs\/en\/wp-json\/wp\/v2\/pages\/561\/revisions\/1372"}],"wp:attachment":[{"href":"https:\/\/rtanj.rs\/en\/wp-json\/wp\/v2\/media?parent=561"}],"curies":[{"name":"wp","href":"https:\/\/api.w.org\/{rel}","templated":true}]}}